{"id":349993,"date":"2021-10-24T17:08:56","date_gmt":"2021-10-24T17:08:56","guid":{"rendered":"https:\/\/femmefondacija.com\/art-weekend\/"},"modified":"2021-11-03T21:09:16","modified_gmt":"2021-11-03T21:09:16","slug":"art-weekend","status":"publish","type":"page","link":"https:\/\/femmefondacija.com\/sq\/art-weekend\/","title":{"rendered":"Art Weekend"},"content":{"rendered":"<p>[et_pb_section fb_built=&#8221;1&#8243; custom_padding_last_edited=&#8221;on|phone&#8221; admin_label=&#8221;Header&#8221; _builder_version=&#8221;4.11.3&#8243; background_enable_color=&#8221;off&#8221; background_enable_image=&#8221;off&#8221; background_blend=&#8221;overlay&#8221; overflow-x=&#8221;hidden&#8221; overflow-y=&#8221;hidden&#8221; custom_padding=&#8221;||0px||false|false&#8221; custom_padding_tablet=&#8221;&#8221; custom_padding_phone=&#8221;&#8221; locked=&#8221;off&#8221; global_colors_info=&#8221;{}&#8221;][et_pb_row _builder_version=&#8221;4.11.3&#8243; custom_padding=&#8221;||||false|false&#8221; global_colors_info=&#8221;{}&#8221;][et_pb_column type=&#8221;4_4&#8243; _builder_version=&#8221;3.26.5&#8243; custom_padding=&#8221;||30px||false|false&#8221; global_colors_info=&#8221;{}&#8221;][et_pb_text _builder_version=&#8221;4.11.3&#8243; _module_preset=&#8221;ac702301-43fe-459f-968f-96cfa028e56e&#8221; locked=&#8221;off&#8221; global_colors_info=&#8221;{}&#8221;]<\/p>\n<h1>Art Weekend<\/h1>\n<p>[\/et_pb_text][\/et_pb_column][\/et_pb_row][\/et_pb_section][et_pb_section fb_built=&#8221;1&#8243; custom_padding_last_edited=&#8221;on|desktop&#8221; admin_label=&#8221;Header&#8221; _builder_version=&#8221;4.11.3&#8243; background_enable_color=&#8221;off&#8221; background_enable_image=&#8221;off&#8221; background_blend=&#8221;overlay&#8221; overflow-x=&#8221;visible&#8221; custom_padding=&#8221;||50px||false|false&#8221; custom_padding_tablet=&#8221;||100px||false|false&#8221; custom_padding_phone=&#8221;0px||50px||false|false&#8221; locked=&#8221;off&#8221; global_colors_info=&#8221;{}&#8221;][et_pb_row column_structure=&#8221;2_3,1_3&#8243; make_equal=&#8221;on&#8221; custom_padding_last_edited=&#8221;on|phone&#8221; _builder_version=&#8221;4.11.3&#8243; _module_preset=&#8221;default&#8221; background_color=&#8221;#fffbf5&#8243; width=&#8221;85%&#8221; custom_padding=&#8221;40px|40px|40px|40px|true|true&#8221; custom_padding_tablet=&#8221;&#8221; custom_padding_phone=&#8221;|20px||20px|true|true&#8221; box_shadow_style=&#8221;preset1&#8243; box_shadow_vertical=&#8221;45px&#8221; box_shadow_blur=&#8221;80px&#8221; box_shadow_spread=&#8221;-40px&#8221; global_colors_info=&#8221;{}&#8221;][et_pb_column type=&#8221;2_3&#8243; module_class=&#8221;vertical-align&#8221; _builder_version=&#8221;4.11.3&#8243; _module_preset=&#8221;default&#8221; global_colors_info=&#8221;{}&#8221;][et_pb_text _builder_version=&#8221;4.11.3&#8243; text_font=&#8221;||||||||&#8221; text_font_size=&#8221;16px&#8221; max_width=&#8221;800px&#8221; custom_padding=&#8221;0px|||||&#8221; text_font_size_tablet=&#8221;&#8221; text_font_size_phone=&#8221;15px&#8221; text_font_size_last_edited=&#8221;on|desktop&#8221; text_line_height_tablet=&#8221;&#8221; text_line_height_phone=&#8221;1.6em&#8221; text_line_height_last_edited=&#8221;on|desktop&#8221; locked=&#8221;off&#8221; global_colors_info=&#8221;{}&#8221;]<\/p>\n<p><span style=%22color: #ac204d;%22>Art Weekend<\/span> &#8211; fundjava e artit \u00ebsht\u00eb e fokusuar n\u00eb pun\u00ebn nd\u00ebrvepruese me f\u00ebmij\u00ebt p\u00ebrmes m\u00ebsimit t\u00eb formave t\u00eb artit n\u00eb nj\u00eb m\u00ebnyr\u00eb joformale dhe krijuese t\u00eb t\u00eb m\u00ebsuarit dhe loj\u00ebs. Profesionist\u00ebt e arteve t\u00eb ndryshme &#8211; muzik\u00ebs, teatrit, filmit \/ fotografis\u00eb, artit figurativ\/vizual &#8211; do t\u00eb punojn\u00eb me f\u00ebmij\u00ebt n\u00eb workshope krijuese n\u00eb t\u00eb cilat f\u00ebmij\u00ebt do t\u00eb jen\u00eb pjes\u00ebmarr\u00ebs aktiv, e q\u00eb jan\u00eb t\u00eb p\u00ebrkushtuara n\u00eb zhvillimin dhe motivimin e t\u00eb menduarit krijues tek ata, lirimin e krijimtaris\u00eb s\u00eb tyre dhe leht\u00ebsimin e stresit.<\/p>\n<p>[\/et_pb_text][\/et_pb_column][et_pb_column type=&#8221;1_3&#8243; _builder_version=&#8221;4.11.3&#8243; _module_preset=&#8221;default&#8221; global_colors_info=&#8221;{}&#8221;][et_pb_image src=&#8221;https:\/\/femmefondacija.com\/wp-content\/uploads\/2021\/10\/Art-weekend.jpeg&#8221; title_text=&#8221;Art weekend&#8221; align=&#8221;center&#8221; _builder_version=&#8221;4.11.4&#8243; _module_preset=&#8221;default&#8221; custom_margin=&#8221;-85px||-24px||false|false&#8221; custom_margin_tablet=&#8221;10px||-85px||false|false&#8221; custom_margin_phone=&#8221;||0px||false|false&#8221; custom_margin_last_edited=&#8221;on|tablet&#8221; hover_enabled=&#8221;0&#8243; box_shadow_style=&#8221;preset4&#8243; box_shadow_vertical=&#8221;-10px&#8221; box_shadow_color=&#8221;#AC204D&#8221; global_colors_info=&#8221;{}&#8221; animation_style=&#8221;slide&#8221; animation_direction=&#8221;top&#8221; animation_intensity_slide=&#8221;5%&#8221; sticky_enabled=&#8221;0&#8243;][\/et_pb_image][\/et_pb_column][\/et_pb_row][\/et_pb_section][et_pb_section fb_built=&#8221;1&#8243; custom_padding_last_edited=&#8221;on|phone&#8221; admin_label=&#8221;Header&#8221; _builder_version=&#8221;4.11.3&#8243; background_color=&#8221;RGBA(0,0,0,0)&#8221; background_enable_image=&#8221;off&#8221; background_blend=&#8221;overlay&#8221; overflow-x=&#8221;hidden&#8221; overflow-y=&#8221;hidden&#8221; custom_padding=&#8221;0px||150px||false|false&#8221; custom_padding_tablet=&#8221;&#8221; custom_padding_phone=&#8221;0px||150px||false|false&#8221; locked=&#8221;off&#8221; global_colors_info=&#8221;{}&#8221;][et_pb_row _builder_version=&#8221;4.11.3&#8243; _module_preset=&#8221;default&#8221; background_color=&#8221;RGBA(0,0,0,0)&#8221; global_colors_info=&#8221;{}&#8221;][et_pb_column type=&#8221;4_4&#8243; _builder_version=&#8221;4.11.3&#8243; _module_preset=&#8221;default&#8221; global_colors_info=&#8221;{}&#8221;][et_pb_text _builder_version=&#8221;4.11.3&#8243; _module_preset=&#8221;59875fc5-0533-4523-8232-4701f372a2f4&#8243; header_2_text_align=&#8221;center&#8221; module_alignment=&#8221;center&#8221; locked=&#8221;off&#8221; global_colors_info=&#8221;{}&#8221;]<\/p>\n<h2>Galeri<\/h2>\n<p>[\/et_pb_text][dsm_masonry_gallery gallery_ids=&#8221;349357,349358,349359,349360,349491,349362,349363,349498,349365&#8243; columns_tablet=&#8221;&#8221; columns_phone=&#8221;1&#8243; columns_last_edited=&#8221;on|phone&#8221; _builder_version=&#8221;4.11.3&#8243; _module_preset=&#8221;default&#8221; global_colors_info=&#8221;{}&#8221;][\/dsm_masonry_gallery][\/et_pb_column][\/et_pb_row][\/et_pb_section]<\/p>\n","protected":false},"excerpt":{"rendered":"<p>Art WeekendArt Weekend &#8211; fundjava e artit \u00ebsht\u00eb e fokusuar n\u00eb pun\u00ebn nd\u00ebrvepruese me f\u00ebmij\u00ebt p\u00ebrmes m\u00ebsimit t\u00eb formave t\u00eb artit n\u00eb nj\u00eb m\u00ebnyr\u00eb joformale dhe krijuese t\u00eb t\u00eb m\u00ebsuarit dhe loj\u00ebs. Profesionist\u00ebt e arteve t\u00eb ndryshme &#8211; muzik\u00ebs, teatrit, filmit \/ fotografis\u00eb, artit figurativ\/vizual &#8211; do t\u00eb punojn\u00eb me f\u00ebmij\u00ebt n\u00eb workshope krijuese n\u00eb t\u00eb cilat f\u00ebmij\u00ebt do t\u00eb jen\u00eb pjes\u00ebmarr\u00ebs aktiv, e q\u00eb jan\u00eb t\u00eb p\u00ebrkushtuara n\u00eb zhvillimin dhe motivimin e t\u00eb menduarit krijues tek ata, lirimin e krijimtaris\u00eb s\u00eb tyre dhe leht\u00ebsimin e stresit.Galeri<div class=\"et_pb_module dsm_masonry_gallery dsm_masonry_gallery_0\">\n\t\t\t\t\n\t\t\t\t\n\t\t\t\t\n\t\t\t\t\n\t\t\t\t\n\t\t\t\t\n\t\t\t\t<div class=\"et_pb_module_inner\">\n\t\t\t\t\t<div class=\"dsm-gallery grid\" data-lightbox=\"false\" data-horizontalorder=\"true\">\n                <div class=\"grid-sizer\"><\/div><div class=\"gutter-sizer\"><\/div><div class=\"grid-item\">\n                    <div class=\"et_pb_image_wrap\">\n                        <img decoding=\"async\" src=\"https:\/\/femmefondacija.com\/wp-content\/uploads\/2021\/10\/1.jpeg\" title=\"1\" alt=\"\" class=\"dsm-skip-lazyload\" srcset=\"https:\/\/femmefondacija.com\/wp-content\/uploads\/2021\/10\/1.jpeg 1280w, https:\/\/femmefondacija.com\/wp-content\/uploads\/2021\/10\/1-980x653.jpeg 980w, https:\/\/femmefondacija.com\/wp-content\/uploads\/2021\/10\/1-480x320.jpeg 480w\" sizes=\"(min-width: 0px) and (max-width: 480px) 480px, (min-width: 481px) and (max-width: 980px) 980px, (min-width: 981px) 1280px, 100vw\" width=\"1280\" height=\"853\" \/>\n                        \n                    <\/div>\n                <\/div><div class=\"grid-item\">\n                    <div class=\"et_pb_image_wrap\">\n                        <img decoding=\"async\" src=\"https:\/\/femmefondacija.com\/wp-content\/uploads\/2021\/10\/2.jpeg\" title=\"2\" alt=\"\" class=\"dsm-skip-lazyload\" srcset=\"https:\/\/femmefondacija.com\/wp-content\/uploads\/2021\/10\/2.jpeg 1280w, https:\/\/femmefondacija.com\/wp-content\/uploads\/2021\/10\/2-980x653.jpeg 980w, https:\/\/femmefondacija.com\/wp-content\/uploads\/2021\/10\/2-480x320.jpeg 480w\" sizes=\"(min-width: 0px) and (max-width: 480px) 480px, (min-width: 481px) and (max-width: 980px) 980px, (min-width: 981px) 1280px, 100vw\" width=\"1280\" height=\"853\" \/>\n                        \n                    <\/div>\n                <\/div><div class=\"grid-item\">\n                    <div class=\"et_pb_image_wrap\">\n                        <img decoding=\"async\" src=\"https:\/\/femmefondacija.com\/wp-content\/uploads\/2021\/10\/3.jpeg\" title=\"3\" alt=\"\" class=\"dsm-skip-lazyload\" srcset=\"https:\/\/femmefondacija.com\/wp-content\/uploads\/2021\/10\/3.jpeg 1280w, https:\/\/femmefondacija.com\/wp-content\/uploads\/2021\/10\/3-980x653.jpeg 980w, https:\/\/femmefondacija.com\/wp-content\/uploads\/2021\/10\/3-480x320.jpeg 480w\" sizes=\"(min-width: 0px) and (max-width: 480px) 480px, (min-width: 481px) and (max-width: 980px) 980px, (min-width: 981px) 1280px, 100vw\" width=\"1280\" height=\"853\" \/>\n                        \n                    <\/div>\n                <\/div><div class=\"grid-item\">\n                    <div class=\"et_pb_image_wrap\">\n                        <img decoding=\"async\" src=\"https:\/\/femmefondacija.com\/wp-content\/uploads\/2021\/10\/4.jpeg\" title=\"4\" alt=\"\" class=\"dsm-skip-lazyload\" srcset=\"https:\/\/femmefondacija.com\/wp-content\/uploads\/2021\/10\/4.jpeg 1280w, https:\/\/femmefondacija.com\/wp-content\/uploads\/2021\/10\/4-980x653.jpeg 980w, https:\/\/femmefondacija.com\/wp-content\/uploads\/2021\/10\/4-480x320.jpeg 480w\" sizes=\"(min-width: 0px) and (max-width: 480px) 480px, (min-width: 481px) and (max-width: 980px) 980px, (min-width: 981px) 1280px, 100vw\" width=\"1280\" height=\"853\" \/>\n                        \n                    <\/div>\n                <\/div><div class=\"grid-item\">\n                    <div class=\"et_pb_image_wrap\">\n                        <img decoding=\"async\" src=\"https:\/\/femmefondacija.com\/wp-content\/uploads\/2021\/10\/5.jpeg\" title=\"5\" alt=\"\" class=\"dsm-skip-lazyload\" srcset=\"https:\/\/femmefondacija.com\/wp-content\/uploads\/2021\/10\/5.jpeg 1280w, https:\/\/femmefondacija.com\/wp-content\/uploads\/2021\/10\/5-980x653.jpeg 980w, https:\/\/femmefondacija.com\/wp-content\/uploads\/2021\/10\/5-480x320.jpeg 480w\" sizes=\"(min-width: 0px) and (max-width: 480px) 480px, (min-width: 481px) and (max-width: 980px) 980px, (min-width: 981px) 1280px, 100vw\" width=\"1280\" height=\"853\" \/>\n                        \n                    <\/div>\n                <\/div><div class=\"grid-item\">\n                    <div class=\"et_pb_image_wrap\">\n                        <img decoding=\"async\" src=\"https:\/\/femmefondacija.com\/wp-content\/uploads\/2021\/10\/6.jpeg\" title=\"6\" alt=\"\" class=\"dsm-skip-lazyload\" srcset=\"https:\/\/femmefondacija.com\/wp-content\/uploads\/2021\/10\/6.jpeg 1280w, https:\/\/femmefondacija.com\/wp-content\/uploads\/2021\/10\/6-980x653.jpeg 980w, https:\/\/femmefondacija.com\/wp-content\/uploads\/2021\/10\/6-480x320.jpeg 480w\" sizes=\"(min-width: 0px) and (max-width: 480px) 480px, (min-width: 481px) and (max-width: 980px) 980px, (min-width: 981px) 1280px, 100vw\" width=\"1280\" height=\"853\" \/>\n                        \n                    <\/div>\n                <\/div><div class=\"grid-item\">\n                    <div class=\"et_pb_image_wrap\">\n                        <img decoding=\"async\" src=\"https:\/\/femmefondacija.com\/wp-content\/uploads\/2021\/10\/7.jpeg\" title=\"7\" alt=\"\" class=\"dsm-skip-lazyload\" srcset=\"https:\/\/femmefondacija.com\/wp-content\/uploads\/2021\/10\/7.jpeg 1280w, https:\/\/femmefondacija.com\/wp-content\/uploads\/2021\/10\/7-980x653.jpeg 980w, https:\/\/femmefondacija.com\/wp-content\/uploads\/2021\/10\/7-480x320.jpeg 480w\" sizes=\"(min-width: 0px) and (max-width: 480px) 480px, (min-width: 481px) and (max-width: 980px) 980px, (min-width: 981px) 1280px, 100vw\" width=\"1280\" height=\"853\" \/>\n                        \n                    <\/div>\n                <\/div><div class=\"grid-item\">\n                    <div class=\"et_pb_image_wrap\">\n                        <img decoding=\"async\" src=\"https:\/\/femmefondacija.com\/wp-content\/uploads\/2021\/10\/8.jpeg\" title=\"8\" alt=\"\" class=\"dsm-skip-lazyload\" srcset=\"https:\/\/femmefondacija.com\/wp-content\/uploads\/2021\/10\/8.jpeg 1280w, https:\/\/femmefondacija.com\/wp-content\/uploads\/2021\/10\/8-980x653.jpeg 980w, https:\/\/femmefondacija.com\/wp-content\/uploads\/2021\/10\/8-480x320.jpeg 480w\" sizes=\"(min-width: 0px) and (max-width: 480px) 480px, (min-width: 481px) and (max-width: 980px) 980px, (min-width: 981px) 1280px, 100vw\" width=\"1280\" height=\"853\" \/>\n                        \n                    <\/div>\n                <\/div><div class=\"grid-item\">\n                    <div class=\"et_pb_image_wrap\">\n                        <img decoding=\"async\" src=\"https:\/\/femmefondacija.com\/wp-content\/uploads\/2021\/10\/9.jpeg\" title=\"9\" alt=\"\" class=\"dsm-skip-lazyload\" srcset=\"https:\/\/femmefondacija.com\/wp-content\/uploads\/2021\/10\/9.jpeg 1280w, https:\/\/femmefondacija.com\/wp-content\/uploads\/2021\/10\/9-980x653.jpeg 980w, https:\/\/femmefondacija.com\/wp-content\/uploads\/2021\/10\/9-480x320.jpeg 480w\" sizes=\"(min-width: 0px) and (max-width: 480px) 480px, (min-width: 481px) and (max-width: 980px) 980px, (min-width: 981px) 1280px, 100vw\" width=\"1280\" height=\"853\" \/>\n                        \n                    <\/div>\n                <\/div>\n             <\/div>\n\t\t\t\t<\/div>\n\t\t\t<\/div><\/p>\n","protected":false},"author":1,"featured_media":0,"parent":0,"menu_order":0,"comment_status":"closed","ping_status":"closed","template":"","meta":{"_seopress_robots_primary_cat":"","_seopress_titles_title":"","_seopress_titles_desc":"","_seopress_robots_index":"","_et_pb_use_builder":"on","_et_pb_old_content":"","_et_gb_content_width":"","footnotes":""},"class_list":["post-349993","page","type-page","status-publish","hentry"],"_links":{"self":[{"href":"https:\/\/femmefondacija.com\/sq\/wp-json\/wp\/v2\/pages\/349993","targetHints":{"allow":["GET"]}}],"collection":[{"href":"https:\/\/femmefondacija.com\/sq\/wp-json\/wp\/v2\/pages"}],"about":[{"href":"https:\/\/femmefondacija.com\/sq\/wp-json\/wp\/v2\/types\/page"}],"author":[{"embeddable":true,"href":"https:\/\/femmefondacija.com\/sq\/wp-json\/wp\/v2\/users\/1"}],"replies":[{"embeddable":true,"href":"https:\/\/femmefondacija.com\/sq\/wp-json\/wp\/v2\/comments?post=349993"}],"version-history":[{"count":4,"href":"https:\/\/femmefondacija.com\/sq\/wp-json\/wp\/v2\/pages\/349993\/revisions"}],"predecessor-version":[{"id":350874,"href":"https:\/\/femmefondacija.com\/sq\/wp-json\/wp\/v2\/pages\/349993\/revisions\/350874"}],"wp:attachment":[{"href":"https:\/\/femmefondacija.com\/sq\/wp-json\/wp\/v2\/media?parent=349993"}],"curies":[{"name":"wp","href":"https:\/\/api.w.org\/{rel}","templated":true}]}}